{"id":506,"date":"2016-11-01T21:53:08","date_gmt":"2016-11-01T21:53:08","guid":{"rendered":"http:\/\/ommriders.com\/en\/?page_id=506"},"modified":"2022-11-03T10:09:03","modified_gmt":"2022-11-03T10:09:03","slug":"bultenler-2","status":"publish","type":"page","link":"https:\/\/ommriders.com\/en\/?page_id=506","title":{"rendered":"Suggestions for Turkey"},"content":{"rendered":"<section class=\"container-wrap main-color\" style=\"padding-top: 0px;padding-bottom: 0px\"><div class=\"section-container container-full\"><div class=\"row\">\n\t<div class=\"col-sm-12 wpb_column column_container\">\n\t\t<div class=\"wpb_wrapper\">\n\t\t\t<div class=\"wpb_revslider_element wpb_content_element\">\n\t\t\t<!-- START Egitim Slider REVOLUTION SLIDER 6.3.5 --><p class=\"rs-p-wp-fix\"><\/p>\n\t\t\t<rs-module-wrap id=\"rev_slider_2_1_wrapper\" data-source=\"gallery\" style=\"background:transparent;padding:0;margin:0px auto;margin-top:0;margin-bottom:0;max-width:;\">\n\t\t\t\t<rs-module id=\"rev_slider_2_1\" style=\"\" data-version=\"6.3.5\">\n\t\t\t\t\t<rs-slides>\n\t\t\t\t\t\t<rs-slide data-key=\"rs-2\" data-title=\"Slide\" data-duration=\"6650.000457763672\" data-anim=\"ei:d;eo:d;s:600;t:fade;sl:d;\">\n\t\t\t\t\t\t\t<img src=\"\/\/ommriders.com\/en\/wp-content\/uploads\/2016\/03\/slider1bg.jpg\" title=\"Suggestions for Turkey\" class=\"rev-slidebg\" data-no-retina>\n<!---->\t\t\t\t\t\t<\/rs-slide>\n\t\t\t\t\t<\/rs-slides>\n\t\t\t\t<\/rs-module>\n\t\t\t\t<script type=\"text\/javascript\">\n\t\t\t\t\tsetREVStartSize({c: 'rev_slider_2_1',rl:[1240,1024,778,480],el:[],gw:[1240],gh:[200],type:'hero',justify:'',layout:'fullwidth',mh:\"0\"});\n\t\t\t\t\tvar\trevapi2,\n\t\t\t\t\t\ttpj;\n\t\t\t\t\tfunction revinit_revslider21() {\n\t\t\t\t\tjQuery(function() {\n\t\t\t\t\t\ttpj = jQuery;\n\t\t\t\t\t\trevapi2 = tpj(\"#rev_slider_2_1\");\n\t\t\t\t\t\tif(revapi2==undefined || revapi2.revolution == undefined){\n\t\t\t\t\t\t\trevslider_showDoubleJqueryError(\"rev_slider_2_1\");\n\t\t\t\t\t\t}else{\n\t\t\t\t\t\t\trevapi2.revolution({\n\t\t\t\t\t\t\t\tsliderType:\"hero\",\n\t\t\t\t\t\t\t\tvisibilityLevels:\"1240,1024,778,480\",\n\t\t\t\t\t\t\t\tgridwidth:1240,\n\t\t\t\t\t\t\t\tgridheight:200,\n\t\t\t\t\t\t\t\tspinner:\"spinner0\",\n\t\t\t\t\t\t\t\tperspectiveType:\"local\",\n\t\t\t\t\t\t\t\tresponsiveLevels:\"1240,1024,778,480\",\n\t\t\t\t\t\t\t\tprogressBar:{disableProgressBar:true},\n\t\t\t\t\t\t\t\tnavigation: {\n\t\t\t\t\t\t\t\t\tonHoverStop:false\n\t\t\t\t\t\t\t\t},\n\t\t\t\t\t\t\t\tfallbacks: {\n\t\t\t\t\t\t\t\t\tallowHTML5AutoPlayOnAndroid:true\n\t\t\t\t\t\t\t\t},\n\t\t\t\t\t\t\t});\n\t\t\t\t\t\t}\n\t\t\t\t\t\t\n\t\t\t\t\t});\n\t\t\t\t\t} \/\/ End of RevInitScript\n\t\t\t\tvar once_revslider21 = false;\n\t\t\t\tif (document.readyState === \"loading\") {document.addEventListener('readystatechange',function() { if((document.readyState === \"interactive\" || document.readyState === \"complete\") && !once_revslider21 ) { once_revslider21 = true; revinit_revslider21();}});} else {once_revslider21 = true; revinit_revslider21();}\n\t\t\t\t<\/script>\n\t\t\t<\/rs-module-wrap>\n\t\t\t<!-- END REVOLUTION SLIDER -->\n<\/div>\n\t\t<\/div> \n\t<\/div> \n<\/div><\/div><\/section><!-- end section -->\n<section class=\"container-wrap main-color\" style=\"padding-top: 0px;padding-bottom: 10px\"><div class=\"section-container container\"><div class=\"row\">\n\t<div class=\"col-sm-12 wpb_column column_container\">\n\t\t<div class=\"wpb_wrapper\">\n\t\t\t<div class=\"vc_row wpb_row vc_inner vc_row-fluid vc_custom_1467468196165\"><div class=\"wpb_column vc_column_container vc_col-sm-2 vc_custom_1467468184695\"><div class=\"wpb_wrapper\">\r\n\t<div class=\"wpb_single_image wpb_content_element vc_align_left vc_custom_1477261489959\">\r\n\t\t\t\r\n\t\t\t<figure class=\"wpb_wrapper vc_figure\">\r\n\t\t\t    <div class=\"vc_single_image-wrapper   vc_box_border_grey\"><img class=\"vc_single_image-img \" src=\"https:\/\/ommriders.com\/en\/wp-content\/uploads\/2016\/10\/rota-1.png\" width=\"98\" height=\"98\" alt=\"rota\" title=\"rota\" \/><\/div>\r\n            <\/figure>\r\n\t<\/div>\r\n<\/div><\/div><div class=\"wpb_column vc_column_container vc_col-sm-10\"><div class=\"wpb_wrapper\"><h2 style=\"text-align: left;font-family:Raleway;font-weight:700;font-style:normal\" class=\"vc_custom_heading\">Suggestions for Turkey<\/h2>\n\t<div class=\"kleo_text_column wpb_content_element \">\n\t\t<div class=\"wpb_wrapper\">\n\t\t\t<p>Collects ideal tour from Istanbul to the Black Sea, to the interior of Anatolia, to the Mediterranean. If you are planning a ride in Turkey take a look at this section first.<\/p>\n\n\t\t<\/div> \n\t<\/div> <\/div><\/div><\/div>\n\t\t<\/div> \n\t<\/div> \n<\/div><\/div><\/section><!-- end section -->\n<section class=\"container-wrap main-color\" style=\"padding-top: 0px;padding-bottom: 10px\"><div class=\"section-container container\"><div class=\"row\">\n\t<div class=\"col-sm-12 wpb_column column_container\">\n\t\t<div class=\"wpb_wrapper\">\n\t\t\t\n\t\t<\/div> \n\t<\/div> \n<\/div><\/div><\/section><!-- end section -->\n<section class=\"container-wrap main-color\" style=\"padding-top: 30 px;padding-bottom: 30 px\"><div class=\"section-container container\"><div class=\"row\">\n\t<div class=\"col-sm-12 wpb_column column_container vc_custom_1476042755139\">\n\t\t<div class=\"wpb_wrapper\">\n\t\t\t<\/p>\n<div class=\"row multi-columns-row\"><div class=\"one-by-one-animated animate-when-almost-visible\"><div class=\"col-xs-12  col-md-12\"><div class=\"kleo-block feature-item list-el-animated default-icons-size\"><span class=\"feature-icon el-appear icon-right-open\"><\/span><h3 class=\"feature-title\">OMM East And Karadeniz Tour<\/h3><div class=\"feature-text\"><a href=\"http:\/\/ommriders.com\/en\/wp-content\/uploads\/2022\/10\/dogu_ve_karadeniz_turu.png\" rel=\"attachment wp-att-511\"><img loading=\"lazy\" class=\"margin:5px; alignleft wp-image-511 size-full\" src=\"http:\/\/ommriders.com\/en\/wp-content\/uploads\/2022\/10\/dogu_ve_karadeniz_turu.png\" alt=\"batikaradeniz_rota\" width=\"766\" height=\"345\"><\/a><\/p>\n<p>Total Time: 10 Day<\/p>\n<p>\u0130stanbul,&nbsp;\u00dcnye, Giresun, Trabzon, Artvin, Erzurum, Tunceli, Erzincan, Yozgat, \u0130stanbul<\/p>\n<p>Total Route: 4.000 Km<\/p>\n<p><a href=\"http:\/\/ommriders.com\/wp-content\/uploads\/2022\/10\/dogu_ve_karadeniz_2022_tur_raporu.pdf\" target=\"_blank\" rel=\"noopener\">Open&nbsp;Route File (PDF)<\/a><\/p>\n<p><\/div><\/div><\/div><\/div><\/div><div class=\"row multi-columns-row\"><div class=\"one-by-one-animated animate-when-almost-visible\"><div class=\"col-xs-12  col-md-12\"><div class=\"kleo-block feature-item list-el-animated default-icons-size\"><span class=\"feature-icon el-appear icon-right-open\"><\/span><h3 class=\"feature-title\">OMM West Karadeniz Cultural Tour<\/h3><div class=\"feature-text\"><a href=\"http:\/\/ommriders.com\/en\/wp-content\/uploads\/2016\/10\/batikaradeniz_rota.jpg\" rel=\"attachment wp-att-511\"><img loading=\"lazy\" class=\"margin:5px; alignleft wp-image-511 size-full\" src=\"http:\/\/ommriders.com\/en\/wp-content\/uploads\/2016\/10\/batikaradeniz_rota.jpg\" alt=\"batikaradeniz_rota\" width=\"766\" height=\"345\" srcset=\"https:\/\/ommriders.com\/en\/wp-content\/uploads\/2016\/10\/batikaradeniz_rota.jpg 766w, https:\/\/ommriders.com\/en\/wp-content\/uploads\/2016\/10\/batikaradeniz_rota-300x135.jpg 300w, https:\/\/ommriders.com\/en\/wp-content\/uploads\/2016\/10\/batikaradeniz_rota-672x303.jpg 672w\" sizes=\"(max-width: 766px) 100vw, 766px\" \/><\/a><\/p>\n<p>Total Time: 4 Day<\/p>\n<p>\u0130stanbul,&nbsp;Amasra, Sinop, \u0130stanbul<\/p>\n<p>Total Route: 1.518 Km<\/p>\n<p>Avarage Cost:&nbsp;1.150 TL<\/p>\n<p><a href=\"http:\/\/ommriders.com\/en\/wp-content\/uploads\/2016\/10\/BatiKaradeniz_ENG.pdf\" target=\"_blank\" rel=\"noopener\">Open&nbsp;Route File (PDF)<\/a><\/div><\/div><\/div><\/div><\/div><div class=\"row multi-columns-row\"><div class=\"one-by-one-animated animate-when-almost-visible\"><div class=\"col-xs-12  col-md-12\"><div class=\"kleo-block feature-item list-el-animated default-icons-size\"><span class=\"feature-icon el-appear icon-right-open\"><\/span><h3 class=\"feature-title\">OMM East Karadeniz Cultural Tour<\/h3><div class=\"feature-text\"><a href=\"http:\/\/ommriders.com\/en\/wp-content\/uploads\/2016\/10\/dogukaradeniz_rota.jpg\" rel=\"attachment wp-att-511\"><img loading=\"lazy\" class=\"margin:5px; alignleft wp-image-514 size-full\" src=\"http:\/\/ommriders.com\/en\/wp-content\/uploads\/2016\/10\/dogukaradeniz_rota.jpg\" alt=\"\" width=\"766\" height=\"345\" srcset=\"https:\/\/ommriders.com\/en\/wp-content\/uploads\/2016\/10\/dogukaradeniz_rota.jpg 766w, https:\/\/ommriders.com\/en\/wp-content\/uploads\/2016\/10\/dogukaradeniz_rota-300x135.jpg 300w, https:\/\/ommriders.com\/en\/wp-content\/uploads\/2016\/10\/dogukaradeniz_rota-672x303.jpg 672w\" sizes=\"(max-width: 766px) 100vw, 766px\" \/><\/a><\/p>\n<p>Total Time: 9&nbsp;Day<\/p>\n<p>\u0130stanbul,&nbsp;Amasya, Ordu, Artvin, Erzurum, Sivas, Kur\u015funlu, \u0130stanbul<\/p>\n<p>Total Route: 3.180&nbsp;Km<\/p>\n<p>Avarage Cost: 2.720 TL<\/p>\n<p><a href=\"http:\/\/ommriders.com\/en\/wp-content\/uploads\/2016\/10\/DoguKaradeniz_ENG.pdf\" target=\"_blank\" rel=\"noopener\">Open&nbsp;Route File (PDF)<\/a><\/div><\/div><\/div><\/div><\/div><div class=\"row multi-columns-row\"><div class=\"one-by-one-animated animate-when-almost-visible\"><div class=\"col-xs-12  col-md-12\"><div class=\"kleo-block feature-item list-el-animated default-icons-size\"><span class=\"feature-icon el-appear icon-right-open\"><\/span><h3 class=\"feature-title\">OMM Touring Bulgaria, Romania, Greece <\/h3><div class=\"feature-text\"><a href=\"http:\/\/ommriders.com\/en\/wp-content\/uploads\/2016\/10\/romania_rota.jpg\" rel=\"attachment wp-att-511\"><img loading=\"lazy\" class=\"margin:5px; alignleft wp-image-522 size-full\" src=\"http:\/\/ommriders.com\/en\/wp-content\/uploads\/2016\/10\/romania_rota.jpg\" alt=\"\" width=\"766\" height=\"445\" srcset=\"https:\/\/ommriders.com\/en\/wp-content\/uploads\/2016\/10\/romania_rota.jpg 766w, https:\/\/ommriders.com\/en\/wp-content\/uploads\/2016\/10\/romania_rota-300x174.jpg 300w, https:\/\/ommriders.com\/en\/wp-content\/uploads\/2016\/10\/romania_rota-672x390.jpg 672w\" sizes=\"(max-width: 766px) 100vw, 766px\" \/><\/a><\/p>\n<p>Total Time: 8&nbsp;Day<\/p>\n<p>\u0130stanbul, Sunny Beach, Galati, Ramnicu Valcea, Sibiu, Veliko Tarnovo, Alexandropouli, \u0130stanbul<\/p>\n<p>Total Route: 2.700 Km<\/p>\n<p>Avarage Cost: 2.250 TL<\/p>\n<p><a href=\"http:\/\/ommriders.com\/en\/wp-content\/uploads\/2016\/10\/OMMTouringBG-RO-GR_ENG.pdf\" target=\"_blank\" rel=\"noopener\">Open&nbsp;Route File (PDF)<\/a><\/div><\/div><\/div><\/div><\/div>\n\t\t<\/div> \n\t<\/div> \n<\/div><\/div><\/section><!-- end section --><\/p>\n","protected":false},"excerpt":{"rendered":"setREVStartSize({c: 'rev_slider_2_2',rl:[1240,1024,778,480],el:[],gw:[1240],gh:[200],type:'hero',justify:'',layout:'fullwidth',mh:\"0\"}); var revapi2, tpj; function revinit_revslider22() { jQuery(function() { tpj = jQuery; revapi2 = tpj(\"#rev_slider_2_2\"); if(revapi2==undefined || revapi2.revolution == undefined){ revslider_showDoubleJqueryError(\"rev_slider_2_2\"); }else{ revapi2.revolution({ sliderType:\"hero\", visibilityLevels:\"1240,1024,778,480\", gridwidth:1240, gridheight:200, spinner:\"spinner0\", perspectiveType:\"local\", responsiveLevels:\"1240,1024,778,480\", progressBar:{disableProgressBar:true}, navigation: { onHoverStop:false }, fallbacks: { allowHTML5AutoPlayOnAndroid:true }, }); } }); } \/\/ End of RevInitScript var once_revslider22 = false; if (document.readyState === \"loading\") {document.addEventListener('readystatechange',function() { if((document.readyState === [...]","protected":false},"author":3,"featured_media":0,"parent":0,"menu_order":0,"comment_status":"closed","ping_status":"closed","template":"page-templates\/full-width.php","meta":[],"_links":{"self":[{"href":"https:\/\/ommriders.com\/en\/index.php?rest_route=\/wp\/v2\/pages\/506"}],"collection":[{"href":"https:\/\/ommriders.com\/en\/index.php?rest_route=\/wp\/v2\/pages"}],"about":[{"href":"https:\/\/ommriders.com\/en\/index.php?rest_route=\/wp\/v2\/types\/page"}],"author":[{"embeddable":true,"href":"https:\/\/ommriders.com\/en\/index.php?rest_route=\/wp\/v2\/users\/3"}],"replies":[{"embeddable":true,"href":"https:\/\/ommriders.com\/en\/index.php?rest_route=%2Fwp%2Fv2%2Fcomments&post=506"}],"version-history":[{"count":11,"href":"https:\/\/ommriders.com\/en\/index.php?rest_route=\/wp\/v2\/pages\/506\/revisions"}],"predecessor-version":[{"id":629,"href":"https:\/\/ommriders.com\/en\/index.php?rest_route=\/wp\/v2\/pages\/506\/revisions\/629"}],"wp:attachment":[{"href":"https:\/\/ommriders.com\/en\/index.php?rest_route=%2Fwp%2Fv2%2Fmedia&parent=506"}],"curies":[{"name":"wp","href":"https:\/\/api.w.org\/{rel}","templated":true}]}}